{"id":17,"date":"2021-10-06T10:00:46","date_gmt":"2021-10-06T08:00:46","guid":{"rendered":"https:\/\/pjredovisning.se\/?page_id=17"},"modified":"2021-10-07T13:49:07","modified_gmt":"2021-10-07T11:49:07","slug":"om-oss","status":"publish","type":"page","link":"https:\/\/pjredovisning.se\/?page_id=17","title":{"rendered":"Om Oss"},"content":{"rendered":"\n<p><\/p>\n\n\n\n<p>PJ Redovisningsbyr\u00e5 bildades 1990 och har sedan dess hj\u00e4lpt f\u00f6retag med deras ekonomi s\u00e5 som bokslut, deklarationer, l\u00f6pande redovisning, bolagsbildningar och l\u00f6ner.<\/p>\n\n\n\n<p><\/p>\n\n\n\n<p>Vi som jobbar p\u00e5 PJ Redovisningsbyr\u00e5 \u00e4r : <\/p>\n\n\n\n<p><\/p>\n\n\n\n<p>Peter Javette (peter(a)pjredovisning.se &#8211; 0707-263675<\/p>\n\n\n\n<p>Andreas Javette (andreas(a)pjredovisning.se &#8211; 0708-649849<\/p>\n","protected":false},"excerpt":{"rendered":"<p>PJ Redovisningsbyr\u00e5 bildades 1990 och har sedan dess hj\u00e4lpt f\u00f6retag med deras ekonomi s\u00e5 som bokslut, deklarationer, l\u00f6pande redovisning, bolagsbildningar och l\u00f6ner. Vi som jobbar p\u00e5 PJ Redovisningsbyr\u00e5 \u00e4r : Peter Javette (peter(a)pjredovisning.se &#8211; 0707-263675 Andreas Javette (andreas(a)pjredovisning.se &#8211; 0708-649849<\/p>\n","protected":false},"author":1,"featured_media":0,"parent":0,"menu_order":0,"comment_status":"closed","ping_status":"closed","template":"","meta":{"footnotes":""},"class_list":["post-17","page","type-page","status-publish","hentry"],"yoast_head":"<!-- This site is optimized with the Yoast SEO plugin v17.3 - https:\/\/yoast.com\/wordpress\/plugins\/seo\/ -->\n<title>Om Oss - PJ Redovisning<\/title>\n<meta name=\"robots\" content=\"index, follow, max-snippet:-1, max-image-preview:large, max-video-preview:-1\" \/>\n<link rel=\"canonical\" href=\"https:\/\/pjredovisning.se\/?page_id=17\" \/>\n<meta property=\"og:locale\" content=\"sv_SE\" \/>\n<meta property=\"og:type\" content=\"article\" \/>\n<meta property=\"og:title\" content=\"Om Oss - PJ Redovisning\" \/>\n<meta property=\"og:description\" content=\"PJ Redovisningsbyr\u00e5 bildades 1990 och har sedan dess hj\u00e4lpt f\u00f6retag med deras ekonomi s\u00e5 som bokslut, deklarationer, l\u00f6pande redovisning, bolagsbildningar och l\u00f6ner. Vi som jobbar p\u00e5 PJ Redovisningsbyr\u00e5 \u00e4r : Peter Javette (peter(a)pjredovisning.se &#8211; 0707-263675 Andreas Javette (andreas(a)pjredovisning.se &#8211; 0708-649849\" \/>\n<meta property=\"og:url\" content=\"https:\/\/pjredovisning.se\/?page_id=17\" \/>\n<meta property=\"og:site_name\" content=\"PJ Redovisning\" \/>\n<meta property=\"article:modified_time\" content=\"2021-10-07T11:49:07+00:00\" \/>\n<meta name=\"twitter:card\" content=\"summary_large_image\" \/>\n<meta name=\"twitter:label1\" content=\"Ber\u00e4knad l\u00e4stid\" \/>\n\t<meta name=\"twitter:data1\" content=\"1 minut\" \/>\n<script type=\"application\/ld+json\" class=\"yoast-schema-graph\">{\"@context\":\"https:\/\/schema.org\",\"@graph\":[{\"@type\":\"WebSite\",\"@id\":\"https:\/\/pjredovisning.se\/#website\",\"url\":\"https:\/\/pjredovisning.se\/\",\"name\":\"PJ Redovisning\",\"description\":\"V\\u00e4lj r\\u00e4tt redovisningskonsult - V\\u00e4lj oss\",\"potentialAction\":[{\"@type\":\"SearchAction\",\"target\":{\"@type\":\"EntryPoint\",\"urlTemplate\":\"https:\/\/pjredovisning.se\/?s={search_term_string}\"},\"query-input\":\"required name=search_term_string\"}],\"inLanguage\":\"sv-SE\"},{\"@type\":\"WebPage\",\"@id\":\"https:\/\/pjredovisning.se\/?page_id=17#webpage\",\"url\":\"https:\/\/pjredovisning.se\/?page_id=17\",\"name\":\"Om Oss - PJ Redovisning\",\"isPartOf\":{\"@id\":\"https:\/\/pjredovisning.se\/#website\"},\"datePublished\":\"2021-10-06T08:00:46+00:00\",\"dateModified\":\"2021-10-07T11:49:07+00:00\",\"breadcrumb\":{\"@id\":\"https:\/\/pjredovisning.se\/?page_id=17#breadcrumb\"},\"inLanguage\":\"sv-SE\",\"potentialAction\":[{\"@type\":\"ReadAction\",\"target\":[\"https:\/\/pjredovisning.se\/?page_id=17\"]}]},{\"@type\":\"BreadcrumbList\",\"@id\":\"https:\/\/pjredovisning.se\/?page_id=17#breadcrumb\",\"itemListElement\":[{\"@type\":\"ListItem\",\"position\":1,\"name\":\"Hem\",\"item\":\"https:\/\/pjredovisning.se\/\"},{\"@type\":\"ListItem\",\"position\":2,\"name\":\"Om Oss\"}]}]}<\/script>\n<!-- \/ Yoast SEO plugin. -->","yoast_head_json":{"title":"Om Oss - PJ Redovisning","robots":{"index":"index","follow":"follow","max-snippet":"max-snippet:-1","max-image-preview":"max-image-preview:large","max-video-preview":"max-video-preview:-1"},"canonical":"https:\/\/pjredovisning.se\/?page_id=17","og_locale":"sv_SE","og_type":"article","og_title":"Om Oss - PJ Redovisning","og_description":"PJ Redovisningsbyr\u00e5 bildades 1990 och har sedan dess hj\u00e4lpt f\u00f6retag med deras ekonomi s\u00e5 som bokslut, deklarationer, l\u00f6pande redovisning, bolagsbildningar och l\u00f6ner. Vi som jobbar p\u00e5 PJ Redovisningsbyr\u00e5 \u00e4r : Peter Javette (peter(a)pjredovisning.se &#8211; 0707-263675 Andreas Javette (andreas(a)pjredovisning.se &#8211; 0708-649849","og_url":"https:\/\/pjredovisning.se\/?page_id=17","og_site_name":"PJ Redovisning","article_modified_time":"2021-10-07T11:49:07+00:00","twitter_card":"summary_large_image","twitter_misc":{"Ber\u00e4knad l\u00e4stid":"1 minut"},"schema":{"@context":"https:\/\/schema.org","@graph":[{"@type":"WebSite","@id":"https:\/\/pjredovisning.se\/#website","url":"https:\/\/pjredovisning.se\/","name":"PJ Redovisning","description":"V\u00e4lj r\u00e4tt redovisningskonsult - V\u00e4lj oss","potentialAction":[{"@type":"SearchAction","target":{"@type":"EntryPoint","urlTemplate":"https:\/\/pjredovisning.se\/?s={search_term_string}"},"query-input":"required name=search_term_string"}],"inLanguage":"sv-SE"},{"@type":"WebPage","@id":"https:\/\/pjredovisning.se\/?page_id=17#webpage","url":"https:\/\/pjredovisning.se\/?page_id=17","name":"Om Oss - PJ Redovisning","isPartOf":{"@id":"https:\/\/pjredovisning.se\/#website"},"datePublished":"2021-10-06T08:00:46+00:00","dateModified":"2021-10-07T11:49:07+00:00","breadcrumb":{"@id":"https:\/\/pjredovisning.se\/?page_id=17#breadcrumb"},"inLanguage":"sv-SE","potentialAction":[{"@type":"ReadAction","target":["https:\/\/pjredovisning.se\/?page_id=17"]}]},{"@type":"BreadcrumbList","@id":"https:\/\/pjredovisning.se\/?page_id=17#breadcrumb","itemListElement":[{"@type":"ListItem","position":1,"name":"Hem","item":"https:\/\/pjredovisning.se\/"},{"@type":"ListItem","position":2,"name":"Om Oss"}]}]}},"_links":{"self":[{"href":"https:\/\/pjredovisning.se\/index.php?rest_route=\/wp\/v2\/pages\/17","targetHints":{"allow":["GET"]}}],"collection":[{"href":"https:\/\/pjredovisning.se\/index.php?rest_route=\/wp\/v2\/pages"}],"about":[{"href":"https:\/\/pjredovisning.se\/index.php?rest_route=\/wp\/v2\/types\/page"}],"author":[{"embeddable":true,"href":"https:\/\/pjredovisning.se\/index.php?rest_route=\/wp\/v2\/users\/1"}],"replies":[{"embeddable":true,"href":"https:\/\/pjredovisning.se\/index.php?rest_route=%2Fwp%2Fv2%2Fcomments&post=17"}],"version-history":[{"count":2,"href":"https:\/\/pjredovisning.se\/index.php?rest_route=\/wp\/v2\/pages\/17\/revisions"}],"predecessor-version":[{"id":29,"href":"https:\/\/pjredovisning.se\/index.php?rest_route=\/wp\/v2\/pages\/17\/revisions\/29"}],"wp:attachment":[{"href":"https:\/\/pjredovisning.se\/index.php?rest_route=%2Fwp%2Fv2%2Fmedia&parent=17"}],"curies":[{"name":"wp","href":"https:\/\/api.w.org\/{rel}","templated":true}]}}